{"id":116,"date":"2019-02-12T12:05:51","date_gmt":"2019-02-12T12:05:51","guid":{"rendered":"https:\/\/victorthemes.com\/themes\/exertion\/?page_id=116"},"modified":"2026-04-14T17:17:24","modified_gmt":"2026-04-14T20:17:24","slug":"home-v1","status":"publish","type":"page","link":"https:\/\/www.asperrevestimentos.com.br\/site\/","title":{"rendered":"P\u00e1gina Inicial"},"content":{"rendered":"<p>[vc_row full_width=&#8221;stretch_row_content_no_spaces&#8221; overlay_dotted=&#8221;&#8221;][vc_column]<section class=\"swiper-container swiper-slides  xrton-slider-69e3cbfdbdf65 \" data-loop=\"true\" data-autoplay=\"true\"><div class=\"swiper-wrapper\"><div class=\"swiper-slide \" style=\"background-image: url(https:\/\/www.asperrevestimentos.com.br\/site\/wp-content\/uploads\/2025\/07\/reside\u0302ncia-ffoppa_pizzi-fotografia-181124-VA-6-scaled-e1752780548940.jpg);\">\n                    <div class=\"caption-wrap\">\n                      <div class=\"xrton-table-wrap\">\n                        <div class=\"xrton-align-wrap\">\n                          <div class=\"container\">\n                            <div class=\"caption-wrap-inner\">\n                            <\/div>\n                          <\/div>\n                        <\/div>\n                      <\/div>\n                    <\/div>\n                  <\/div><div class=\"swiper-slide \" style=\"background-image: url(https:\/\/www.asperrevestimentos.com.br\/site\/wp-content\/uploads\/2025\/07\/reside\u0302ncia-ffoppa_pizzi-fotografia-181124-VA-210-scaled.jpg);\">\n                    <div class=\"caption-wrap\">\n                      <div class=\"xrton-table-wrap\">\n                        <div class=\"xrton-align-wrap\">\n                          <div class=\"container\">\n                            <div class=\"caption-wrap-inner\">\n                            <\/div>\n                          <\/div>\n                        <\/div>\n                      <\/div>\n                    <\/div>\n                  <\/div><div class=\"swiper-slide \" style=\"background-image: url(https:\/\/www.asperrevestimentos.com.br\/site\/wp-content\/uploads\/2025\/07\/Esp-Iluminare-11-scaled.jpg);\">\n                    <div class=\"caption-wrap\">\n                      <div class=\"xrton-table-wrap\">\n                        <div class=\"xrton-align-wrap\">\n                          <div class=\"container\">\n                            <div class=\"caption-wrap-inner\">\n                            <\/div>\n                          <\/div>\n                        <\/div>\n                      <\/div>\n                    <\/div>\n                  <\/div><div class=\"swiper-slide \" style=\"background-image: url(https:\/\/www.asperrevestimentos.com.br\/site\/wp-content\/uploads\/2025\/07\/PRG.png);\">\n                    <div class=\"caption-wrap\">\n                      <div class=\"xrton-table-wrap\">\n                        <div class=\"xrton-align-wrap\">\n                          <div class=\"container\">\n                            <div class=\"caption-wrap-inner\">\n                            <\/div>\n                          <\/div>\n                        <\/div>\n                      <\/div>\n                    <\/div>\n                  <\/div><\/div><div class=\"swiper-button-prev\"><\/div><div class=\"swiper-button-next\"><\/div><div class=\"swiper-pagination\"><\/div><\/section>[\/vc_column][\/vc_row][vc_row overlay_dotted=&#8221;&#8221; css=&#8221;.vc_custom_1622031847089{padding-top: 55px !important;}&#8221;][vc_column]\n    <section class=\"xrton-projects project-style-one xrton-portfolio-69e3cbfdbe6bc custom\">\n      <div class=\"  projects-spacer-one\">\n\n                  <div class=\"row\">\n            <div class=\"col-md-6\">\n              <div class=\"section-title-wrap section-title-style-two\">\n                <h2 class=\"section-title\">Lan\u00e7amentos 2026<\/h2>\n              <\/div>\n            <\/div>\n            <div class=\"col-md-6 textright\">\n              <a href=\"\" class=\"xrton-btn xrton-small-btn\" target=\"_blank\" >\n                <span>VIEW ALL<\/span>\n              <\/a>\n            <\/div>\n          <\/div>\n        \n        <div class=\"projects-wrap \">\n\n          <div class=\"row\"><div class=\"col-lg-4 col-md-6\">\n                  <div class=\"project-item\">\n                    <div class=\"xrton-image\">\n                      <a href=\"https:\/\/www.asperrevestimentos.com.br\/site\/produto\/green-sea\/\"><img src=\"https:\/\/www.asperrevestimentos.com.br\/site\/wp-content\/uploads\/2026\/03\/IMG_5349-scaled-e1772543175483-370x300.jpg\" alt=\"GREEN SEA\"><\/a>\n                    <\/div>\n                    <div class=\"project-info\">\n                      <div class=\"xrton-table-wrap\">\n                        <div class=\"xrton-align-wrap\">\n                          <h4 class=\"project-title\"><a href=\"https:\/\/www.asperrevestimentos.com.br\/site\/produto\/green-sea\/\">GREEN SEA<\/a><\/h4>\n                                                  <\/div>\n                      <\/div>\n                    <\/div>\n                  <\/div>\n\n                <\/div>\n              <div class=\"col-lg-4 col-md-6\">\n                  <div class=\"project-item\">\n                    <div class=\"xrton-image\">\n                      <a href=\"https:\/\/www.asperrevestimentos.com.br\/site\/produto\/flagstone-travertino\/\"><img src=\"https:\/\/www.asperrevestimentos.com.br\/site\/wp-content\/uploads\/2026\/03\/DJI_20251211020522_0201_D-scaled-e1772556996482-370x300.jpg\" alt=\"FLAGSTONE TRAVERTINO\"><\/a>\n                    <\/div>\n                    <div class=\"project-info\">\n                      <div class=\"xrton-table-wrap\">\n                        <div class=\"xrton-align-wrap\">\n                          <h4 class=\"project-title\"><a href=\"https:\/\/www.asperrevestimentos.com.br\/site\/produto\/flagstone-travertino\/\">FLAGSTONE TRAVERTINO<\/a><\/h4>\n                                                  <\/div>\n                      <\/div>\n                    <\/div>\n                  <\/div>\n\n                <\/div>\n              <div class=\"col-lg-4 col-md-6\">\n                  <div class=\"project-item\">\n                    <div class=\"xrton-image\">\n                      <a href=\"https:\/\/www.asperrevestimentos.com.br\/site\/produto\/flagstone-moledo\/\"><img src=\"https:\/\/www.asperrevestimentos.com.br\/site\/wp-content\/uploads\/2026\/03\/Gemini_Generated_Image_ijzwejijzwejijzw-e1772557532756-370x300.jpg\" alt=\"FLAGSTONE MOLEDO\"><\/a>\n                    <\/div>\n                    <div class=\"project-info\">\n                      <div class=\"xrton-table-wrap\">\n                        <div class=\"xrton-align-wrap\">\n                          <h4 class=\"project-title\"><a href=\"https:\/\/www.asperrevestimentos.com.br\/site\/produto\/flagstone-moledo\/\">FLAGSTONE MOLEDO<\/a><\/h4>\n                                                  <\/div>\n                      <\/div>\n                    <\/div>\n                  <\/div>\n\n                <\/div>\n              <div class=\"col-lg-4 col-md-6\">\n                  <div class=\"project-item\">\n                    <div class=\"xrton-image\">\n                      <a href=\"https:\/\/www.asperrevestimentos.com.br\/site\/produto\/flagstone-vulcano\/\"><img src=\"https:\/\/www.asperrevestimentos.com.br\/site\/wp-content\/uploads\/2026\/03\/DJI_20251211013213_0161_D-scaled-e1772557797399-370x300.jpg\" alt=\"FLAGSTONE VULCANO\"><\/a>\n                    <\/div>\n                    <div class=\"project-info\">\n                      <div class=\"xrton-table-wrap\">\n                        <div class=\"xrton-align-wrap\">\n                          <h4 class=\"project-title\"><a href=\"https:\/\/www.asperrevestimentos.com.br\/site\/produto\/flagstone-vulcano\/\">FLAGSTONE VULCANO<\/a><\/h4>\n                                                  <\/div>\n                      <\/div>\n                    <\/div>\n                  <\/div>\n\n                <\/div>\n              <div class=\"col-lg-4 col-md-6\">\n                  <div class=\"project-item\">\n                    <div class=\"xrton-image\">\n                      <a href=\"https:\/\/www.asperrevestimentos.com.br\/site\/produto\/sand-french-pattern\/\"><img src=\"https:\/\/www.asperrevestimentos.com.br\/site\/wp-content\/uploads\/2026\/03\/sand-french-e1772558520999-370x300.png\" alt=\"SAND FRENCH PATTERN\"><\/a>\n                    <\/div>\n                    <div class=\"project-info\">\n                      <div class=\"xrton-table-wrap\">\n                        <div class=\"xrton-align-wrap\">\n                          <h4 class=\"project-title\"><a href=\"https:\/\/www.asperrevestimentos.com.br\/site\/produto\/sand-french-pattern\/\">SAND FRENCH PATTERN<\/a><\/h4>\n                                                  <\/div>\n                      <\/div>\n                    <\/div>\n                  <\/div>\n\n                <\/div>\n              <div class=\"col-lg-4 col-md-6\">\n                  <div class=\"project-item\">\n                    <div class=\"xrton-image\">\n                      <a href=\"https:\/\/www.asperrevestimentos.com.br\/site\/produto\/black-french-pattern\/\"><img src=\"https:\/\/www.asperrevestimentos.com.br\/site\/wp-content\/uploads\/2026\/03\/Black-FRENCH-1-e1772563679445-370x300.png\" alt=\"BLACK FRENCH PATTERN\"><\/a>\n                    <\/div>\n                    <div class=\"project-info\">\n                      <div class=\"xrton-table-wrap\">\n                        <div class=\"xrton-align-wrap\">\n                          <h4 class=\"project-title\"><a href=\"https:\/\/www.asperrevestimentos.com.br\/site\/produto\/black-french-pattern\/\">BLACK FRENCH PATTERN<\/a><\/h4>\n                                                  <\/div>\n                      <\/div>\n                    <\/div>\n                  <\/div>\n\n                <\/div>\n              <\/div>            <div class=\"xrton-pagination\">\n              <ul class='page-numbers'>\n\t<li><span aria-current=\"page\" class=\"page-numbers current\">1<\/span><\/li>\n\t<li><a class=\"page-numbers\" href=\"https:\/\/www.asperrevestimentos.com.br\/site\/wp-json\/wp\/v2\/pages\/116\/page\/2\/\">2<\/a><\/li>\n\t<li><a class=\"next page-numbers\" href=\"https:\/\/www.asperrevestimentos.com.br\/site\/wp-json\/wp\/v2\/pages\/116\/page\/2\/\"><\/a><\/li>\n<\/ul>\n            <\/div>\n          \n        <\/div>\n\n      <\/div>\n    <\/section>\n\n    [\/vc_column][\/vc_row][vc_row full_width=&#8221;stretch_row&#8221; overlay_dotted=&#8221;&#8221; css=&#8221;.vc_custom_1618863137604{background-color: #000000 !important;}&#8221;][vc_column]<div class=\"xrton-aboutus  xrton-aboutus-69e3cbfdc446f\"><div class=\"container\"><div class=\"aboutus-wrap\"><div class=\"row align-items-center\"><div class=\"col-lg-6 order-lg-2\">\n                      <div class=\"about-image\">\n                        <img src=\"https:\/\/www.asperrevestimentos.com.br\/site\/wp-content\/uploads\/2026\/04\/4-2-e1776194307947.png\" alt=\"About Us\">\n                      <\/div>\n                    <\/div>\n                    <div class=\"col-lg-6 order-lg-1\">\n                      <div class=\"about-info\">\n                        <div class=\"section-title-wrap section-title-style-two\">\n                          <h2 class=\"section-title\">Cat\u00e1logo e Manuais T\u00e9cnicos<\/h2>\n                        <\/div>\n                        <p>Baixe aqui o nosso cat\u00e1logo e conhe\u00e7a todos os nossos produtos.<\/p><div class=\"xrton-btns-group\"><a href=\"https:\/\/www.asperrevestimentos.com.br\/site\/download\/\" class=\"xrton-btn xrton-yellow-border-btn\" target=\"_blank\"><span class=\"xrton-btn-text\">Ver Mais<\/span><\/a><\/div>    \n                      <\/div>\n                    <\/div><\/div><\/div><\/div><\/div>[\/vc_column][\/vc_row][vc_row full_width=&#8221;stretch_row&#8221; overlay_dotted=&#8221;&#8221;][vc_column]<div class=\"xrton-aboutus  xrton-aboutus-69e3cbfdc46ca\"><div class=\"container\"><div class=\"aboutus-wrap\"><div class=\"row align-items-center\"><div class=\"col-lg-6 order-lg-2\">\n                      <div class=\"about-image\">\n                        <img src=\"https:\/\/www.asperrevestimentos.com.br\/site\/wp-content\/uploads\/2025\/05\/kit-novo-2025-.png\" alt=\"About Us\">\n                      <\/div>\n                    <\/div>\n                    <div class=\"col-lg-6 order-lg-1\">\n                      <div class=\"about-info\">\n                        <div class=\"section-title-wrap section-title-style-two\">\n                          <h2 class=\"section-title\">Kit Profissional<\/h2>\n                        <\/div>\n                        <p>Indispon\u00edvel temporariamente!\n<\/p>    \n                      <\/div>\n                    <\/div><\/div><\/div><\/div><\/div>[\/vc_column][\/vc_row][vc_row][vc_column][vc_column_text]<\/p>\n<h5>LOJAS PARCEIRAS<\/h5>\n<p>[\/vc_column_text][vc_media_grid element_width=&#8221;2&#8243; gap=&#8221;10&#8243; grid_id=&#8221;vc_gid:1776197794026-c0232ac5-36f2-7&#8243; include=&#8221;2689,2319,2701,2320,2013,2014,2015,2454,2554,2016,2019,2321,2697,2696,2020,2692,2702,2703,2582,2885,2022,2023,2669,2695,2322,2670,2024,2462,2555,2563,2556,2548,2324,2613,2704,2671,2027,2707,2028,2557,2558,2559,2326,2691,2667,2029,2327,2030,2700,2644,2111,2705,2031,2032,2699,2328,2033,2329,2034,2035,2371,2036,2570,2666,2583,2690,2037,2665,2038,2560,2039,2886,2706,2040,2041,2693,2042,2672,2694,2330,2043,2561,2586,2698,2331,2332,2044&#8243;][\/vc_column][\/vc_row][vc_row full_width=&#8221;stretch_row&#8221; overlay_dotted=&#8221;&#8221;][vc_column]<div class=\"xrton-aboutus  xrton-aboutus-69e3cbfdc48e0\"><div class=\"container\"><div class=\"aboutus-wrap\"><div class=\"row align-items-center\"><div class=\"col-lg-6\">\n                      <div class=\"about-image\">\n                        <img src=\"https:\/\/www.asperrevestimentos.com.br\/site\/wp-content\/uploads\/2025\/03\/asper-empresa-scaled.jpg\" alt=\"About Us\">\n                      <\/div>\n                    <\/div>\n                    <div class=\"col-lg-6\">\n                      <div class=\"about-info\">\n                        <div class=\"section-title-wrap section-title-style-two\">\n                          <h2 class=\"section-title\">ASPER<\/h2>\n                        <\/div>\n                        <p>A ASPER nasce apaixonada pelas tend\u00eancias que transformam os ambientes em espa\u00e7os modernos, com personalidade e estilo.\nCompartilhar momentos e viv\u00eancias, transformar e dar o toque final \u00e0 cada ambiente, desenvolvendo produtos com excel\u00eancia e atendendo com respeito e amor s\u00e3o as nossas metas, nossa ess\u00eancia.\nA sofistica\u00e7\u00e3o est\u00e1 nos detalhes.<\/p><div class=\"xrton-btns-group\"><a href=\"https:\/\/www.asperrevestimentos.com.br\/site\/sobre\/\" class=\"xrton-btn xrton-yellow-border-btn\" ><span class=\"xrton-btn-text\">Ver Mais<\/span><\/a><\/div>    \n                      <\/div>\n                    <\/div><\/div><\/div><\/div><\/div>[\/vc_column][\/vc_row]<\/p>\n","protected":false},"excerpt":{"rendered":"[vc_row full_width=&#8221;stretch_row_content_no_spaces&#8221; overlay_dotted=&#8221;&#8221;][vc_column][\/vc_column][\/vc_row][vc_row overlay_dotted=&#8221;&#8221; css=&#8221;.vc_custom_1622031847089{padding-top: 55px !important;}&#8221;][vc_column][\/vc_column][\/vc_row][vc_row full_width=&#8221;stretch_row&#8221; overlay_dotted=&#8221;&#8221; css=&#8221;.vc_custom_1618863137604{background-color: #000000 !important;}&#8221;][vc_column][\/vc_column][\/vc_row][vc_row full_width=&#8221;stretch_row&#8221; overlay_dotted=&#8221;&#8221;][vc_column][\/vc_column][\/vc_row][vc_row][vc_column][vc_column_text] LOJAS PARCEIRAS [\/vc_column_text][vc_media_grid element_width=&#8221;2&#8243; gap=&#8221;10&#8243; grid_id=&#8221;vc_gid:1776197794026-c0232ac5-36f2-7&#8243; include=&#8221;2689,2319,2701,2320,2013,2014,2015,2454,2554,2016,2019,2321,2697,2696,2020,2692,2702,2703,2582,2885,2022,2023,2669,2695,2322,2670,2024,2462,2555,2563,2556,2548,2324,2613,2704,2671,2027,2707,2028,2557,2558,2559,2326,2691,2667,2029,2327,2030,2700,2644,2111,2705,2031,2032,2699,2328,2033,2329,2034,2035,2371,2036,2570,2666,2583,2690,2037,2665,2038,2560,2039,2886,2706,2040,2041,2693,2042,2672,2694,2330,2043,2561,2586,2698,2331,2332,2044&#8243;][\/vc_column][\/vc_row][vc_row full_width=&#8221;stretch_row&#8221; overlay_dotted=&#8221;&#8221;][vc_column][\/vc_column][\/vc_row]","protected":false},"author":1,"featured_media":0,"parent":0,"menu_order":0,"comment_status":"closed","ping_status":"closed","template":"","meta":[],"_links":{"self":[{"href":"https:\/\/www.asperrevestimentos.com.br\/site\/wp-json\/wp\/v2\/pages\/116"}],"collection":[{"href":"https:\/\/www.asperrevestimentos.com.br\/site\/wp-json\/wp\/v2\/pages"}],"about":[{"href":"https:\/\/www.asperrevestimentos.com.br\/site\/wp-json\/wp\/v2\/types\/page"}],"author":[{"embeddable":true,"href":"https:\/\/www.asperrevestimentos.com.br\/site\/wp-json\/wp\/v2\/users\/1"}],"replies":[{"embeddable":true,"href":"https:\/\/www.asperrevestimentos.com.br\/site\/wp-json\/wp\/v2\/comments?post=116"}],"version-history":[{"count":198,"href":"https:\/\/www.asperrevestimentos.com.br\/site\/wp-json\/wp\/v2\/pages\/116\/revisions"}],"predecessor-version":[{"id":2884,"href":"https:\/\/www.asperrevestimentos.com.br\/site\/wp-json\/wp\/v2\/pages\/116\/revisions\/2884"}],"wp:attachment":[{"href":"https:\/\/www.asperrevestimentos.com.br\/site\/wp-json\/wp\/v2\/media?parent=116"}],"curies":[{"name":"wp","href":"https:\/\/api.w.org\/{rel}","templated":true}]}}