{"id":714,"date":"2021-04-21T16:48:36","date_gmt":"2021-04-21T19:48:36","guid":{"rendered":"https:\/\/www.asperrevestimentos.com.br\/site\/?page_id=714"},"modified":"2025-07-24T16:32:56","modified_gmt":"2025-07-24T19:32:56","slug":"projetos","status":"publish","type":"page","link":"https:\/\/www.asperrevestimentos.com.br\/site\/projetos\/","title":{"rendered":"Projetos"},"content":{"rendered":"<p>[vc_row overlay_dotted=&#8221;&#8221;][vc_column]\n    <section class=\"xrton-projects project-style-one xrton-portfolio-6a0337e796612 custom\">\n      <div class=\"  container\">\n\n                  <div class=\"section-title-wrap\">\n            <h2 class=\"section-title\">Projetos<\/h2>\n          <\/div>\n        \n        <div class=\"projects-wrap \">\n\n          <div class=\"row\"><div class=\"col-lg-3 col-md-6\">\n                  <div class=\"project-item\">\n                    <div class=\"xrton-image\">\n                      <a href=\"https:\/\/www.asperrevestimentos.com.br\/site\/produto\/fachadas\/\"><img src=\"https:\/\/www.asperrevestimentos.com.br\/site\/wp-content\/uploads\/2021\/06\/20201112_1351090-2-scaled-370x300.jpg\" alt=\"Fachadas\"><\/a>\n                    <\/div>\n                    <div class=\"project-info\">\n                      <div class=\"xrton-table-wrap\">\n                        <div class=\"xrton-align-wrap\">\n                          <h4 class=\"project-title\"><a href=\"https:\/\/www.asperrevestimentos.com.br\/site\/produto\/fachadas\/\">Fachadas<\/a><\/h4>\n                                                  <\/div>\n                      <\/div>\n                    <\/div>\n                  <\/div>\n\n                <\/div>\n              <div class=\"col-lg-3 col-md-6\">\n                  <div class=\"project-item\">\n                    <div class=\"xrton-image\">\n                      <a href=\"https:\/\/www.asperrevestimentos.com.br\/site\/produto\/areas-molhadas\/\"><img src=\"https:\/\/www.asperrevestimentos.com.br\/site\/wp-content\/uploads\/2021\/06\/DJI_0497-scaled-370x300.jpg\" alt=\"\u00c1reas Molhadas\"><\/a>\n                    <\/div>\n                    <div class=\"project-info\">\n                      <div class=\"xrton-table-wrap\">\n                        <div class=\"xrton-align-wrap\">\n                          <h4 class=\"project-title\"><a href=\"https:\/\/www.asperrevestimentos.com.br\/site\/produto\/areas-molhadas\/\">\u00c1reas Molhadas<\/a><\/h4>\n                                                  <\/div>\n                      <\/div>\n                    <\/div>\n                  <\/div>\n\n                <\/div>\n              <div class=\"col-lg-3 col-md-6\">\n                  <div class=\"project-item\">\n                    <div class=\"xrton-image\">\n                      <a href=\"https:\/\/www.asperrevestimentos.com.br\/site\/produto\/ambientes-internos\/\"><img src=\"https:\/\/www.asperrevestimentos.com.br\/site\/wp-content\/uploads\/2021\/06\/004-scaled-e1752841424235-370x300.jpg\" alt=\"Ambientes Internos\"><\/a>\n                    <\/div>\n                    <div class=\"project-info\">\n                      <div class=\"xrton-table-wrap\">\n                        <div class=\"xrton-align-wrap\">\n                          <h4 class=\"project-title\"><a href=\"https:\/\/www.asperrevestimentos.com.br\/site\/produto\/ambientes-internos\/\">Ambientes Internos<\/a><\/h4>\n                                                  <\/div>\n                      <\/div>\n                    <\/div>\n                  <\/div>\n\n                <\/div>\n              <div class=\"col-lg-3 col-md-6\">\n                  <div class=\"project-item\">\n                    <div class=\"xrton-image\">\n                      <a href=\"https:\/\/www.asperrevestimentos.com.br\/site\/produto\/ambientes-externos\/\"><img src=\"https:\/\/www.asperrevestimentos.com.br\/site\/wp-content\/uploads\/2021\/06\/Vanessa-Scalco-370x300.png\" alt=\"Ambientes Externos\"><\/a>\n                    <\/div>\n                    <div class=\"project-info\">\n                      <div class=\"xrton-table-wrap\">\n                        <div class=\"xrton-align-wrap\">\n                          <h4 class=\"project-title\"><a href=\"https:\/\/www.asperrevestimentos.com.br\/site\/produto\/ambientes-externos\/\">Ambientes Externos<\/a><\/h4>\n                                                  <\/div>\n                      <\/div>\n                    <\/div>\n                  <\/div>\n\n                <\/div>\n              <\/div>\n        <\/div>\n\n      <\/div>\n    <\/section>\n\n    [\/vc_column][\/vc_row][vc_row full_width=&#8221;stretch_row&#8221; overlay_dotted=&#8221;&#8221;][vc_column]<div class=\"xrton-aboutus  xrton-aboutus-6a0337e798b94\"><div class=\"container\"><div class=\"aboutus-wrap\"><div class=\"row align-items-center\"><div class=\"col-lg-6\">\n                      <div class=\"about-image\">\n                        <img src=\"https:\/\/www.asperrevestimentos.com.br\/site\/wp-content\/uploads\/2025\/07\/freepik__upload__58651.png\" alt=\"About Us\">\n                      <\/div>\n                    <\/div>\n                    <div class=\"col-lg-6\">\n                      <div class=\"about-info\">\n                        <div class=\"section-title-wrap section-title-style-two\">\n                          <h2 class=\"section-title\">Divulgue o seu projeto<\/h2>\n                        <\/div>\n                        <p>Envie fotos e v\u00eddeos em alta qualidade dos ambientes criados por voc\u00ea com os nossos produtos para divulga\u00e7\u00e3o atrav\u00e9s de link compartilhado (Wetransfer, Icloud, Google Drive) para o email contato@asperrevestimentos.com.br<\/p>    \n                      <\/div>\n                    <\/div><\/div><\/div><\/div><\/div>[\/vc_column][\/vc_row]<\/p>\n","protected":false},"excerpt":{"rendered":"[vc_row overlay_dotted=&#8221;&#8221;][vc_column][\/vc_column][\/vc_row][vc_row full_width=&#8221;stretch_row&#8221; overlay_dotted=&#8221;&#8221;][vc_column][\/vc_column][\/vc_row]","protected":false},"author":1,"featured_media":0,"parent":0,"menu_order":0,"comment_status":"closed","ping_status":"closed","template":"","meta":[],"_links":{"self":[{"href":"https:\/\/www.asperrevestimentos.com.br\/site\/wp-json\/wp\/v2\/pages\/714"}],"collection":[{"href":"https:\/\/www.asperrevestimentos.com.br\/site\/wp-json\/wp\/v2\/pages"}],"about":[{"href":"https:\/\/www.asperrevestimentos.com.br\/site\/wp-json\/wp\/v2\/types\/page"}],"author":[{"embeddable":true,"href":"https:\/\/www.asperrevestimentos.com.br\/site\/wp-json\/wp\/v2\/users\/1"}],"replies":[{"embeddable":true,"href":"https:\/\/www.asperrevestimentos.com.br\/site\/wp-json\/wp\/v2\/comments?post=714"}],"version-history":[{"count":18,"href":"https:\/\/www.asperrevestimentos.com.br\/site\/wp-json\/wp\/v2\/pages\/714\/revisions"}],"predecessor-version":[{"id":717,"href":"https:\/\/www.asperrevestimentos.com.br\/site\/wp-json\/wp\/v2\/pages\/714\/revisions\/717"}],"wp:attachment":[{"href":"https:\/\/www.asperrevestimentos.com.br\/site\/wp-json\/wp\/v2\/media?parent=714"}],"curies":[{"name":"wp","href":"https:\/\/api.w.org\/{rel}","templated":true}]}}